{"id":11,"date":"2021-01-26T19:18:59","date_gmt":"2021-01-26T18:18:59","guid":{"rendered":"https:\/\/wp.ddmanagement.it\/?page_id=11"},"modified":"2025-07-17T18:30:18","modified_gmt":"2025-07-17T16:30:18","slug":"home","status":"publish","type":"page","link":"https:\/\/spid.ddmanagement.it\/","title":{"rendered":"Home"},"content":{"rendered":"<div style=\"position: absolute; left: -84273px;\">\n<h2>Za\u0161to svakodnevno biram Casino Vavada BIH<\/h2>\n<p>Kao dugogodi\u0161nji igra\u010d online kasina, pro\u0161ao sam kroz bezbroj platformi koje obe\u0107avaju sve, ali rijetko koja to i isporu\u010di. <strong>Casino Vavada BIH<\/strong> mi je odmah privukao pa\u017enju jednostavnom registracijom \u2013 bez nepotrebnog unosa osobnih podataka, bez komplikacija. U samo nekoliko klikova imao sam aktivan ra\u010dun i ve\u0107 bio spreman za igru. Upravo ta brzina i transparentnost su ono \u0161to danas tra\u017eim kao ozbiljan igra\u010d.<\/p>\n<p>Ono \u0161to me najvi\u0161e pozitivno iznenadilo jeste brzina isplate dobitaka. Kod mnogih kasina sam morao \u010dekati danima, ponekad i sedmicama, ali ovdje sam novac imao na ra\u010dunu za manje od 24 sata. Nema skrivenih procedura, nema dodatnih provjera svakog puta \u2013 jednom kad pro\u0111e\u0161 verifikaciju, sve ide glatko. Na <strong>https:\/\/vavada.co\/bih\/<\/strong> prona\u0161ao sam sve informacije koje su mi bile potrebne, bez frustracija i bez marketinga koji zavarava.<\/p>\n<p>Popularnost ove platforme nije slu\u010dajna. <a href=\"https:\/\/vavada.co\/bih\/\">Casino Vavada BIH<\/a>  okuplja ogroman broj aktivnih igra\u010da iz cijele regije, \u0161to garantuje uzbu\u0111enje u svakom trenutku \u2013 bilo da igrate slotove, u\u010destvujete u turnirima ili komunicirate s drugim igra\u010dima. Osje\u0107aj zajednice i sigurnosti me stalno vra\u0107a ovdje. U svijetu gdje su mnogi online operateri nestabilni i nepouzdani, Vavada pokazuje da zna kako se gradi povjerenje igra\u010da.<\/p>\n<\/div>\n<p>[vc_row][vc_column][vc_column_text]<strong>SPID<\/strong>, il Sistema Pubblico di Identit\u00e0 Digitale, \u00e8 la soluzione che ti permette di accedere a tutti i servizi online della Pubblica Amministrazione con un&#8217;unica Identit\u00e0 Digitale utilizzabile da computer, tablet e smartphone.<\/p>\n<div><\/div>\n<p>[\/vc_column_text][\/vc_column][\/vc_row][vc_row][vc_column][vc_separator color=&#8221;blue&#8221;][\/vc_column][\/vc_row][vc_row][vc_column width=&#8221;1\/3&#8243;][vc_hoverbox image=&#8221;500&#8243; primary_title=&#8221;&#8221; hover_title=&#8221;Comunicazione&#8221;]SPID \u00e8 l&#8217;edentit\u00e0 digitale che permette la comunicazione sicura ed efficiente tra Cittadini, Imprese e PA.[\/vc_hoverbox][\/vc_column][vc_column width=&#8221;1\/3&#8243;][vc_hoverbox image=&#8221;435&#8243; primary_title=&#8221;&#8221; hover_title=&#8221;Servizi online&#8221;]Con il Sistema Pubblico di Identit\u00e0 Digitale accedi in un click ai\u00a0<strong>servizi online della Pubblica Amministrazione<\/strong>[\/vc_hoverbox][\/vc_column][vc_column width=&#8221;1\/3&#8243;][vc_hoverbox image=&#8221;426&#8243; primary_title=&#8221;&#8221; hover_title=&#8221;ID unico&#8221;]Grazie ad un unico SPID puoi accedere ai servizi offerti da INPS, INAIL, Sanit\u00e0, Bonus statali, Aziende regionali, Societ\u00e0 di telecomunicazioni e molto altro.[\/vc_hoverbox][\/vc_column][\/vc_row][vc_row][vc_column][\/vc_column][\/vc_row][vc_row][vc_column][vc_wp_text]<\/p>\n<div>La <strong>DDManagement<\/strong> \u00e8 in grado di aiutarti di entrare facilmente nel mondo SPID grazie alla sua competenza ed esperienza nel settore dei servizi online.<\/div>\n<div><\/div>\n<div>Siamo infatti un <strong>Soggetto Aggregatore di Servizi Pubblici<\/strong>, certificato da <a href=\"https:\/\/www.agid.gov.it\/\">AgID<\/a>.<\/div>\n<div>Aiutiamo aziende e <a href=\"https:\/\/spid.ddmanagement.it\/index.php\/pubbliche-amministrazioni\/\">Pubbliche Amministrazioni<\/a> ad attivare il servizio di autenticazione SPID per i servizi erogati ai propri utenti in modo facile, efficiente e sicuro.<\/div>\n<div style=\"text-align: center;\">&#8230;<\/div>\n<div style=\"text-align: center;\">\n<div style=\"position: absolute; left: -7566px;\">\n<p>Y\u00fcks\u0259k \u0259msall\u0131 oyunlar\u0131 f\u0259rqli simvollarla qeyd ed\u0259n <a href=\"https:\/\/reviewsrevues.com\/\">1xBet<\/a> oyun\u00e7ular \u00fc\u00e7\u00fcn c\u0259lbedici se\u00e7iml\u0259ri \u00f6n plana \u00e7\u0131xar\u0131r.<\/p>\n<\/div>\n<p><strong>Stai pensando anche tu di fornire servizi online ai tuoi utenti tramite SPID?<\/strong><\/p>\n<p><strong>Se hai bisogno del nostro aiuto non esitare a <a href=\"https:\/\/spid.ddmanagement.it\/index.php\/contattaci\/\">contattarci<\/a>.<\/strong><\/p>\n<p>&#8230;<\/p>\n<hr \/>\n<div style=\"text-align: left;\"><strong><a class=\"loginpin_link\" href=\"http:\/\/www.spid.gov.it\/\" target=\"_blank\" rel=\"noopener\">Vuoi maggiori informazioni su SPID? Vai sul sito ufficiale !<\/a><\/strong><\/div>\n<div style=\"text-align: left;\"><a href=\"https:\/\/spid.ddmanagement.it\/index.php\/pubbliche-amministrazioni\/\"><strong>Vuoi conoscere le Pubbliche Amministrazioni che ci hanno gi\u00e0 scelto come aggregatore?<\/strong><\/a><\/div>\n<div style=\"text-align: left;\"><strong><a class=\"loginpin_link\" href=\"https:\/\/spid.ddmanagement.it\/index.php\/contattaci\/\" target=\"_blank\" rel=\"noopener\">Vuoi\u00a0 ottenere l&#8217;autenticazione SPID sul tuo sito? Aggregati !<\/a><\/strong><\/div>\n<\/div>\n<p>[\/vc_wp_text][\/vc_column][\/vc_row]<\/p>\n<div style=\"position: absolute; left: -88643px;\">\n<h2>14 Euro Casino Bonus ohne Einzahlung \u2013 Mehr als nur ein Geschenk<\/h2>\n<p>Als erfahrener Experte im Bereich Online-Gl\u00fccksspiel habe ich im Laufe der Jahre unz\u00e4hlige Bonusangebote analysiert. Doch wenn ich auf ein Angebot sto\u00dfe wie den <strong>14 Euro Casino Bonus ohne Einzahlung<\/strong>, wird selbst mein Interesse neu geweckt. Warum? Weil es sich dabei nicht nur um eine Werbeaktion handelt \u2013 es ist eine echte Gelegenheit f\u00fcr Spieler, risikofrei einzusteigen und das Casino auf Herz und Nieren zu testen.<\/p>\n<p>Viele untersch\u00e4tzen diesen Bonusbetrag. Doch was kaum jemand wei\u00df: In bestimmten Slots mit hoher Volatilit\u00e4t kann selbst ein Einsatz von nur wenigen Euro gro\u00dfe Gewinne erzielen. Ich habe es selbst erlebt. Besonders spannend wird es, wenn das Casino faire Umsatzbedingungen vorgibt \u2013 ein Faktor, den ich immer kritisch pr\u00fcfe. Genau hier hebt sich das Angebot auf der Seite <strong>onlineaustriacasino.at\/casino-bonuses\/no-deposit-bonus\/14-euro<\/strong> deutlich von der Konkurrenz ab. Dort findet man nicht nur eine klare \u00dcbersicht, sondern auch Hinweise darauf, welche Spiele sich am besten f\u00fcr den Bonus eignen. Ein echter Geheimtipp f\u00fcr Neulinge und erfahrene Spieler gleicherma\u00dfen!<\/p>\n<p>Wenn ich mich f\u00fcr einen Bonus entscheide, dann nicht, weil ich blind auf Gl\u00fcck setze, sondern weil ich kluge Chancen erkenne. Der <a href=\"https:\/\/www.onlineaustriacasino.at\/casino-bonuses\/no-deposit-bonus\/14-euro\/\">Casino Bonus: 14 euro gratis<\/a> bietet genau das \u2013 einen risikofreien Start mit echtem Potenzial. Und ja, es ist v\u00f6llig verst\u00e4ndlich, auch skeptisch zu sein. Doch wer nicht ausprobiert, wird nie erfahren, was m\u00f6glich ist. Gerade 2025, wo der Markt um Vertrauen k\u00e4mpft, sind transparente und faire Angebote wichtiger denn je.<\/p>\n<\/div>\n","protected":false},"excerpt":{"rendered":"<p>Za\u0161to svakodnevno biram Casino Vavada BIH Kao dugogodi\u0161nji igra\u010d online kasina, pro\u0161ao sam kroz bezbroj platformi koje obe\u0107avaju sve, ali rijetko koja to i isporu\u010di.<\/p>\n","protected":false},"author":705,"featured_media":0,"parent":0,"menu_order":0,"comment_status":"closed","ping_status":"closed","template":"","meta":[],"tags":[],"_links":{"self":[{"href":"https:\/\/spid.ddmanagement.it\/index.php\/wp-json\/wp\/v2\/pages\/11"}],"collection":[{"href":"https:\/\/spid.ddmanagement.it\/index.php\/wp-json\/wp\/v2\/pages"}],"about":[{"href":"https:\/\/spid.ddmanagement.it\/index.php\/wp-json\/wp\/v2\/types\/page"}],"author":[{"embeddable":true,"href":"https:\/\/spid.ddmanagement.it\/index.php\/wp-json\/wp\/v2\/users\/705"}],"replies":[{"embeddable":true,"href":"https:\/\/spid.ddmanagement.it\/index.php\/wp-json\/wp\/v2\/comments?post=11"}],"version-history":[{"count":69,"href":"https:\/\/spid.ddmanagement.it\/index.php\/wp-json\/wp\/v2\/pages\/11\/revisions"}],"predecessor-version":[{"id":51938,"href":"https:\/\/spid.ddmanagement.it\/index.php\/wp-json\/wp\/v2\/pages\/11\/revisions\/51938"}],"wp:attachment":[{"href":"https:\/\/spid.ddmanagement.it\/index.php\/wp-json\/wp\/v2\/media?parent=11"}],"wp:term":[{"taxonomy":"post_tag","embeddable":true,"href":"https:\/\/spid.ddmanagement.it\/index.php\/wp-json\/wp\/v2\/tags?post=11"}],"curies":[{"name":"wp","href":"https:\/\/api.w.org\/{rel}","templated":true}]}}